{"id":1085,"date":"2018-10-31T16:36:13","date_gmt":"2018-10-31T16:36:13","guid":{"rendered":"http:\/\/morent.michaelkurzweil.com\/?page_id=1085"},"modified":"2018-12-01T15:35:57","modified_gmt":"2018-12-01T15:35:57","slug":"service-checklist","status":"publish","type":"page","link":"https:\/\/fmatsch.ist\/tech\/generatoren\/service-checklist\/","title":{"rendered":"Service &#8211; Checklist"},"content":{"rendered":"<p>[vc_section section_custom_media_type=&#8220;image&#8220; section_background_image_size=&#8220;uk-background-cover&#8220; section_background_image_repeat=&#8220;uk-background-norepeat&#8220; section_background_image_position=&#8220;uk-background-bottom-center&#8220; section_background_image_effect=&#8220;uk-background-fixed&#8220; section_background_image_visibility=&#8220;@m&#8220; section_bottom_shape_divider=&#8220;triangle_opacity_2&#8243; section_background_image=&#8220;1364&#8243; section_bottom_shape_divider_color=&#8220;#ffffff&#8220; section_bottom_shape_divider_height=&#8220;380&#8243; dahz_id=&#8220;&#8220;][vc_row row_enable_full_height=&#8220;true&#8220; row_column_content_position=&#8220;uk-flex-top&#8220; row_custom_media_type=&#8220;none&#8220; row_bottom_shape_divider=&#8220;&#8220; dahz_id=&#8220;1537282364413-d263bf37-4d34&#8243;][vc_column column_padding=&#8220;small&#8220; width=&#8220;7\/12&#8243; offset=&#8220;vc_hidden-sm&#8220;][\/vc_column][vc_column width=&#8220;5\/12&#8243;][vc_row_inner dahz_id=&#8220;1537543632181-461a237e-c63d&#8220;][vc_column_inner offset=&#8220;vc_hidden-sm&#8220; css=&#8220;.vc_custom_1537458216148{padding-top: 5.0vh !important;}&#8220;][\/vc_column_inner][\/vc_row_inner][vc_row_inner dahz_id=&#8220;1537458033328-1f2fdc32-c66a&#8220; row_color_overlay=&#8220;rgba(255,255,255,0.5)&#8220;][vc_column_inner column_padding=&#8220;large&#8220;][vc_column_text remove_top_margin=&#8220;true&#8220; visibility=&#8220;de-hidden@m de-hidden@l&#8220;]<img loading=\"lazy\" class=\"alignnone wp-image-1364 size-full\" src=\"https:\/\/fmatsch.ist\/tech\/generatoren\/wp-content\/uploads\/2018\/12\/checkliste.jpg\" alt=\"\" width=\"1920\" height=\"1280\" srcset=\"https:\/\/fmatsch.ist\/tech\/generatoren\/wp-content\/uploads\/2018\/12\/checkliste.jpg 1920w, https:\/\/fmatsch.ist\/tech\/generatoren\/wp-content\/uploads\/2018\/12\/checkliste-300x200.jpg 300w, https:\/\/fmatsch.ist\/tech\/generatoren\/wp-content\/uploads\/2018\/12\/checkliste-768x512.jpg 768w, https:\/\/fmatsch.ist\/tech\/generatoren\/wp-content\/uploads\/2018\/12\/checkliste-1024x683.jpg 1024w\" sizes=\"(max-width: 1920px) 100vw, 1920px\" \/>[\/vc_column_text]<div data-uk-scrollspy=\"cls: uk-animation-slide-left-medium;\" data-dahz-shortcode-key=\"1537282364585-73b21db4-5aec\" style=\"\" class=\"de-shortcode__wrapper de-shortcode__wrapper--dahz_single_image uk-margin de-hidden@s\">\r\n\t<a class=\"de-single-image__wrapper uk-flex uk-flex-left\">\r\n\t<div>\r\n\t\t<img width=\"50\" height=\"70\" src=\"https:\/\/fmatsch.ist\/tech\/generatoren\/wp-content\/uploads\/2018\/09\/vert-border2.png\" class=\"   attachment-full\" alt=\"\" loading=\"lazy\" \/>\t<\/div>\r\n<\/a>\r\n<\/div>\r\n[vc_custom_heading text=&#8220;Checklist&#8220; font_container=&#8220;tag:h3|font_size:28pt|text_align:left|line_height:1.25&#8243; use_theme_fonts=&#8220;yes&#8220; css_animation=&#8220;uk-animation-slide-right-medium&#8220; margin=&#8220;default&#8220; dahz_id=&#8220;1537282364619-5913ca5d-759f&#8220;][vc_column_text]<\/p>\n<div class=\"uk-position-relative\">\n<div class=\"de-textblock-wrapper\">\n<p>Bei gesellschaftsrechtlichen Fragen w\u00e4re es hilfreich, wenn Sie beim Erstgespr\u00e4ch folgende Unterlagen (je nach Bedarf) mitnehmen w\u00fcrden.<\/p>\n<ul>\n<li>Notizen \u00fcber Business Idee &amp; Firmenname, Mitbewerber<br \/>\nFragen: Firma, Marke, Patent, Design, Urheberrechte<\/li>\n<li>Beschreibung des T\u00e4tigkeitsfeldes etc.<br \/>\nFrage: Unternehmensgegenstand<\/li>\n<li>Business-Plan-Daten: Marktanalyse und -beurteilung, Umsatz-, Ertrags- und Aufwands- \/ Kosten-Zahlen (-Erwartungen), Personal- und Sachbedarf, Finanzbedarf; ev. Vorabstimmung mit Steuerberater;<br \/>\nFragen: Rechtsform, Finanzierungsbedarf und -formen, Kapitalausstattung, F\u00f6rderungen, Risikobeurteilung<\/li>\n<li>Zeitplan f\u00fcr Gr\u00fcndung \/ Umstrukturierung \/ Expansion, Betriebsaufnahme, steuerrechtlicher Stichtag<br \/>\nFragen: Ablauf der zu treffenden Ma\u00dfnahmen einschlie\u00dflich notwendiger Vorbereitungshandlungen<\/li>\n<li>Daten aller beteiligten Personen: Name, Geburtsdatum, Beruf, Kontaktdaten (Adresse, Telefon, Fax, E-Mail, www)<br \/>\nFrage: Vollst\u00e4ndigkeit der Real-Daten<\/li>\n<li>Daten beteiligter anderer Unternehmen (Gesellschaften) Firma, Firmenbuchnummer<br \/>\nFrage: Vollst\u00e4ndigkeit der Real-Daten; Kooperationsformen (Gemeinschaftsunternehmen, Beteiligungsmodelle)<\/li>\n<li>Daten von Liegenschaften (B\u00fcro, Wohnung, Grundst\u00fcck): Grundbuchs-Einlagezahl<br \/>\nFrage: Vollst\u00e4ndigkeit der Real-Daten, Sachgr\u00fcndung, nachtr\u00e4gliche Einbringung, Finanzierungsmodelle (Immobilienleasing \/ Besitzgesellschaft o.\u00e4.)<\/li>\n<li>Auflistung bezugnehmender eigener Fragen rechtlicher und wirtschaftlicher Natur<\/li>\n<li>Auflistung bezugnehmender eigener Ideen, Anliegen, W\u00fcnsche und Vorstellungen<\/li>\n<li>s\u00e4mtliche bezugnehmenden bereits vorhandenen Unterlagen \/ Urkunden \/ (Alt-) Vertr\u00e4ge<\/li>\n<\/ul>\n<p>(Copyright: \u00d6sterreichischer Rechtsanwaltskammertag)<\/p>\n<\/div>\n<\/div>\n<p><a href=\"https:\/\/fmatsch.ist\/tech\/generatoren\/service-formulare\/\">weiter zu Formulare \u00bb<\/a><br \/>\n<a href=\"https:\/\/fmatsch.ist\/tech\/generatoren\/service\/\">\u00ab zur\u00fcck zur Service\u00fcbersicht<\/a>[\/vc_column_text][\/vc_column_inner][\/vc_row_inner][\/vc_column][\/vc_row][\/vc_section]<\/p>\n","protected":false},"excerpt":{"rendered":"<p>[vc_section section_custom_media_type=&#8220;image&#8220; section_background_image_size=&#8220;uk-background-cover&#8220; section_background_image_repeat=&#8220;uk-background-norepeat&#8220; section_background_image_position=&#8220;uk-background-bottom-center&#8220; section_background_image_effect=&#8220;uk-background-fixed&#8220; section_background_image_visibility=&#8220;@m&#8220; section_bottom_shape_divider=&#8220;triangle_opacity_2&#8243; section_background_image=&#8220;1364&#8243; section_bottom_shape_divider_color=&#8220;#ffffff&#8220; section_bottom_shape_divider_height=&#8220;380&#8243; dahz_id=&#8220;&#8220;][vc_row row_enable_full_height=&#8220;true&#8220; row_column_content_position=&#8220;uk-flex-top&#8220; row_custom_media_type=&#8220;none&#8220; row_bottom_shape_divider=&#8220;&#8220; dahz_id=&#8220;1537282364413-d263bf37-4d34&#8243;][vc_column column_padding=&#8220;small&#8220; width=&#8220;7\/12&#8243; offset=&#8220;vc_hidden-sm&#8220;][\/vc_column][vc_column width=&#8220;5\/12&#8243;][vc_row_inner dahz_id=&#8220;1537543632181-461a237e-c63d&#8220;][vc_column_inner offset=&#8220;vc_hidden-sm&#8220; css=&#8220;.vc_custom_1537458216148{padding-top: 5.0vh !important;}&#8220;][\/vc_column_inner][\/vc_row_inner][vc_row_inner dahz_id=&#8220;1537458033328-1f2fdc32-c66a&#8220; row_color_overlay=&#8220;rgba(255,255,255,0.5)&#8220;][vc_column_inner column_padding=&#8220;large&#8220;][vc_column_text remove_top_margin=&#8220;true&#8220; visibility=&#8220;de-hidden@m de-hidden@l&#8220;][\/vc_column_text][vc_custom_heading text=&#8220;Checklist&#8220; font_container=&#8220;tag:h3|font_size:28pt|text_align:left|line_height:1.25&#8243; use_theme_fonts=&#8220;yes&#8220; css_animation=&#8220;uk-animation-slide-right-medium&#8220; margin=&#8220;default&#8220; dahz_id=&#8220;1537282364619-5913ca5d-759f&#8220;][vc_column_text] Bei gesellschaftsrechtlichen Fragen w\u00e4re es hilfreich, wenn Sie beim Erstgespr\u00e4ch folgende Unterlagen (je nach Bedarf) mitnehmen w\u00fcrden.<\/p>\n","protected":false},"author":1,"featured_media":0,"parent":0,"menu_order":0,"comment_status":"closed","ping_status":"closed","template":"","meta":[],"_links":{"self":[{"href":"https:\/\/fmatsch.ist\/tech\/generatoren\/wp-json\/wp\/v2\/pages\/1085"}],"collection":[{"href":"https:\/\/fmatsch.ist\/tech\/generatoren\/wp-json\/wp\/v2\/pages"}],"about":[{"href":"https:\/\/fmatsch.ist\/tech\/generatoren\/wp-json\/wp\/v2\/types\/page"}],"author":[{"embeddable":true,"href":"https:\/\/fmatsch.ist\/tech\/generatoren\/wp-json\/wp\/v2\/users\/1"}],"replies":[{"embeddable":true,"href":"https:\/\/fmatsch.ist\/tech\/generatoren\/wp-json\/wp\/v2\/comments?post=1085"}],"version-history":[{"count":27,"href":"https:\/\/fmatsch.ist\/tech\/generatoren\/wp-json\/wp\/v2\/pages\/1085\/revisions"}],"predecessor-version":[{"id":1365,"href":"https:\/\/fmatsch.ist\/tech\/generatoren\/wp-json\/wp\/v2\/pages\/1085\/revisions\/1365"}],"wp:attachment":[{"href":"https:\/\/fmatsch.ist\/tech\/generatoren\/wp-json\/wp\/v2\/media?parent=1085"}],"curies":[{"name":"wp","href":"https:\/\/api.w.org\/{rel}","templated":true}]}}