{"id":1089,"date":"2018-10-31T16:39:30","date_gmt":"2018-10-31T16:39:30","guid":{"rendered":"http:\/\/morent.michaelkurzweil.com\/?page_id=1089"},"modified":"2018-12-01T15:41:26","modified_gmt":"2018-12-01T15:41:26","slug":"service-links","status":"publish","type":"page","link":"https:\/\/fmatsch.ist\/tech\/generatoren\/service-links\/","title":{"rendered":"Service &#8211; Links"},"content":{"rendered":"<p>[vc_section section_custom_media_type=&#8220;image&#8220; section_background_image_size=&#8220;uk-background-cover&#8220; section_background_image_repeat=&#8220;uk-background-norepeat&#8220; section_background_image_position=&#8220;uk-background-bottom-center&#8220; section_background_image_effect=&#8220;parallax&#8220; section_background_image_visibility=&#8220;@m&#8220; section_bottom_shape_divider=&#8220;triangle_opacity_2&#8243; section_background_image=&#8220;1367&#8243; section_bottom_shape_divider_color=&#8220;#ffffff&#8220; section_bottom_shape_divider_height=&#8220;380&#8243; dahz_id=&#8220;&#8220; section_background_image_parallax=&#8220;%7B%22parallax-options-x-start-range%22%3A%220%22%2C%22parallax-options-x-end-range%22%3A%220%22%2C%22parallax-options-y-start-range%22%3A%22-400%22%2C%22parallax-options-y-end-range%22%3A%22150%22%2C%22parallax-options-show-advance-settings%22%3A%22false%22%2C%22parallax-options-scale-start-range%22%3A%221%22%2C%22parallax-options-scale-end-range%22%3A%221%22%2C%22parallax-options-rotate-start-range%22%3A%220%22%2C%22parallax-options-rotate-end-range%22%3A%220%22%2C%22parallax-options-opacity-start-range%22%3A%221%22%2C%22parallax-options-opacity-end-range%22%3A%221%22%2C%22parallax-options-easing-range%22%3A%220%22%2C%22parallax-options-viewport-range%22%3A%220%22%2C%22parallax-options-enable-repeat%22%3A%22false%22%2C%22parallax-options-enable-z-index%22%3A%22false%22%2C%22parallax-options-breakpoint%22%3A%22%22%7D&#8220;][vc_row row_enable_full_height=&#8220;true&#8220; row_column_content_position=&#8220;uk-flex-top&#8220; row_custom_media_type=&#8220;none&#8220; row_bottom_shape_divider=&#8220;&#8220; dahz_id=&#8220;1537282364413-d263bf37-4d34&#8243;][vc_column column_padding=&#8220;small&#8220; width=&#8220;7\/12&#8243; offset=&#8220;vc_hidden-sm&#8220;][\/vc_column][vc_column width=&#8220;5\/12&#8243;][vc_row_inner dahz_id=&#8220;1537543632181-461a237e-c63d&#8220;][vc_column_inner offset=&#8220;vc_hidden-sm&#8220; css=&#8220;.vc_custom_1537458216148{padding-top: 5.0vh !important;}&#8220;][\/vc_column_inner][\/vc_row_inner][vc_row_inner dahz_id=&#8220;1537458033328-1f2fdc32-c66a&#8220; row_color_overlay=&#8220;rgba(255,255,255,0.5)&#8220;][vc_column_inner column_padding=&#8220;large&#8220;][vc_column_text remove_top_margin=&#8220;true&#8220; visibility=&#8220;de-hidden@m de-hidden@l&#8220;]<img loading=\"lazy\" class=\"alignnone wp-image-1367 size-full\" src=\"https:\/\/fmatsch.ist\/tech\/generatoren\/wp-content\/uploads\/2018\/12\/links.jpg\" alt=\"\" width=\"1920\" height=\"1280\" srcset=\"https:\/\/fmatsch.ist\/tech\/generatoren\/wp-content\/uploads\/2018\/12\/links.jpg 1920w, https:\/\/fmatsch.ist\/tech\/generatoren\/wp-content\/uploads\/2018\/12\/links-300x200.jpg 300w, https:\/\/fmatsch.ist\/tech\/generatoren\/wp-content\/uploads\/2018\/12\/links-768x512.jpg 768w, https:\/\/fmatsch.ist\/tech\/generatoren\/wp-content\/uploads\/2018\/12\/links-1024x683.jpg 1024w\" sizes=\"(max-width: 1920px) 100vw, 1920px\" \/>[\/vc_column_text]<div data-uk-scrollspy=\"cls: uk-animation-slide-left-medium;\" data-dahz-shortcode-key=\"1537282364585-73b21db4-5aec\" style=\"\" class=\"de-shortcode__wrapper de-shortcode__wrapper--dahz_single_image uk-margin de-hidden@s\">\r\n\t<a class=\"de-single-image__wrapper uk-flex uk-flex-left\">\r\n\t<div>\r\n\t\t<img width=\"50\" height=\"70\" src=\"https:\/\/fmatsch.ist\/tech\/generatoren\/wp-content\/uploads\/2018\/09\/vert-border2.png\" class=\"   attachment-full\" alt=\"\" loading=\"lazy\" \/>\t<\/div>\r\n<\/a>\r\n<\/div>\r\n[vc_custom_heading text=&#8220;Links&#8220; font_container=&#8220;tag:h3|font_size:28pt|text_align:left|line_height:1.25&#8243; use_theme_fonts=&#8220;yes&#8220; css_animation=&#8220;uk-animation-slide-right-medium&#8220; margin=&#8220;default&#8220; dahz_id=&#8220;1537282364619-5913ca5d-759f&#8220;][vc_column_text]<\/p>\n<div class=\"uk-position-relative\">\n<div class=\"de-textblock-wrapper\">\n<p>Weiterf\u00fchrende Informationen erhalten Sie unter folgenden Websites.<\/p>\n<p><span class=\"textbold\">Recht:<\/span><\/p>\n<ul>\n<li><a class=\"addressURL\" href=\"http:\/\/ris1.bka.gv.at\/authentic\/index.aspx\" target=\"_blank\" rel=\"noopener\">BGBI \/ das \u00f6sterreichische Bundesgesetzblatt<\/a><\/li>\n<li><a class=\"addressURL\" href=\"http:\/\/www.ris.bka.gv.at\/bundesrecht\/\" target=\"_blank\" rel=\"noopener\">Gesetzestexte (RIS) \/ Gesetzestexte in aktueller Fassung<\/a><\/li>\n<li><a class=\"addressURL\" href=\"http:\/\/www.parlament.gv.at\/portal\/page?_pageid=607,78626&amp;_dad=portal&amp;_schema=PORTAL\" target=\"_blank\" rel=\"noopener\">Parlament (Nationalrat, Bundesrat) \/ das \u00f6sterreichische Parlament<\/a><\/li>\n<li><a class=\"addressURL\" href=\"http:\/\/www.ris.bka.gv.at\/jus\/\" target=\"_blank\" rel=\"noopener\">OHG (RIS) \/ Entscheidungen des Obersten Gerichtshofes<\/a><\/li>\n<li><a class=\"addressURL\" href=\"http:\/\/www.ris.bka.gv.at\/auswahl\/\" target=\"_blank\" rel=\"noopener\">RIS \/ Rechtsinformationssystem des Bundes und der L\u00e4nder, Europarecht<\/a><\/li>\n<li><a class=\"addressURL\" href=\"http:\/\/www.univie.ac.at\/steuerrecht\/\" target=\"_blank\" rel=\"noopener\">Steuerrecht \/ \u00d6sterreichisches und internationales Steuerrecht (Universit\u00e4t Wien)<\/a><\/li>\n<\/ul>\n<p><span class=\"textbold\">Institutionen:<\/span><\/p>\n<ul>\n<li><a class=\"addressURL\" href=\"http:\/\/www.oenb.at\/\" target=\"_blank\" rel=\"noopener\">OeNB \/ \u00d6sterreichische Nationalbank<\/a><\/li>\n<li><a class=\"addressURL\" href=\"http:\/\/www.edikte.justiz.gv.at\/\" target=\"_blank\" rel=\"noopener\">Insolvenzdatei (Ediktsdatei) \/ die offizielle Insolvenzdatei (Ediktsdatei)<\/a><\/li>\n<li><a class=\"addressURL\" href=\"http:\/\/portal.wko.at\/\" target=\"_blank\" rel=\"noopener\">WKO \/ Wirtschaftskammer \u00d6sterreich<\/a><\/li>\n<li><a class=\"addressURL\" href=\"http:\/\/www.wienerborse.at\/cms\" target=\"_blank\" rel=\"noopener\">Wiener B\u00f6rse AG \/ Kurse, Index und B\u00f6rsedaten der Wiener B\u00f6rse<\/a><\/li>\n<li><a class=\"addressURL\" href=\"http:\/\/www.vki.or.at\/\" target=\"_blank\" rel=\"noopener\">VKI \/ Verein f\u00fcr Konsumenteninformation<\/a><\/li>\n<\/ul>\n<p><span class=\"textbold\">Gerichte, Beh\u00f6rden:<\/span><\/p>\n<ul>\n<li><a class=\"addressURL\" href=\"http:\/\/www.help.gv.at\/\" target=\"_blank\" rel=\"noopener\">\u00c4mter und Beh\u00f6rden \/ \u00d6sterreichische \u00c4mter und Beh\u00f6rden, Formulare<\/a><\/li>\n<\/ul>\n<\/div>\n<\/div>\n<p><a href=\"https:\/\/fmatsch.ist\/tech\/generatoren\/service\/\">\u00ab zur\u00fcck zur Service\u00fcbersicht<\/a>[\/vc_column_text][\/vc_column_inner][\/vc_row_inner][\/vc_column][\/vc_row][\/vc_section]<\/p>\n","protected":false},"excerpt":{"rendered":"<p>[vc_section section_custom_media_type=&#8220;image&#8220; section_background_image_size=&#8220;uk-background-cover&#8220; section_background_image_repeat=&#8220;uk-background-norepeat&#8220; section_background_image_position=&#8220;uk-background-bottom-center&#8220; section_background_image_effect=&#8220;parallax&#8220; section_background_image_visibility=&#8220;@m&#8220; section_bottom_shape_divider=&#8220;triangle_opacity_2&#8243; section_background_image=&#8220;1367&#8243; section_bottom_shape_divider_color=&#8220;#ffffff&#8220; section_bottom_shape_divider_height=&#8220;380&#8243; dahz_id=&#8220;&#8220; section_background_image_parallax=&#8220;%7B%22parallax-options-x-start-range%22%3A%220%22%2C%22parallax-options-x-end-range%22%3A%220%22%2C%22parallax-options-y-start-range%22%3A%22-400%22%2C%22parallax-options-y-end-range%22%3A%22150%22%2C%22parallax-options-show-advance-settings%22%3A%22false%22%2C%22parallax-options-scale-start-range%22%3A%221%22%2C%22parallax-options-scale-end-range%22%3A%221%22%2C%22parallax-options-rotate-start-range%22%3A%220%22%2C%22parallax-options-rotate-end-range%22%3A%220%22%2C%22parallax-options-opacity-start-range%22%3A%221%22%2C%22parallax-options-opacity-end-range%22%3A%221%22%2C%22parallax-options-easing-range%22%3A%220%22%2C%22parallax-options-viewport-range%22%3A%220%22%2C%22parallax-options-enable-repeat%22%3A%22false%22%2C%22parallax-options-enable-z-index%22%3A%22false%22%2C%22parallax-options-breakpoint%22%3A%22%22%7D&#8220;][vc_row row_enable_full_height=&#8220;true&#8220; row_column_content_position=&#8220;uk-flex-top&#8220; row_custom_media_type=&#8220;none&#8220; row_bottom_shape_divider=&#8220;&#8220; dahz_id=&#8220;1537282364413-d263bf37-4d34&#8243;][vc_column column_padding=&#8220;small&#8220; width=&#8220;7\/12&#8243; offset=&#8220;vc_hidden-sm&#8220;][\/vc_column][vc_column width=&#8220;5\/12&#8243;][vc_row_inner dahz_id=&#8220;1537543632181-461a237e-c63d&#8220;][vc_column_inner offset=&#8220;vc_hidden-sm&#8220; css=&#8220;.vc_custom_1537458216148{padding-top: 5.0vh !important;}&#8220;][\/vc_column_inner][\/vc_row_inner][vc_row_inner dahz_id=&#8220;1537458033328-1f2fdc32-c66a&#8220; row_color_overlay=&#8220;rgba(255,255,255,0.5)&#8220;][vc_column_inner column_padding=&#8220;large&#8220;][vc_column_text remove_top_margin=&#8220;true&#8220; visibility=&#8220;de-hidden@m de-hidden@l&#8220;][\/vc_column_text][vc_custom_heading text=&#8220;Links&#8220; font_container=&#8220;tag:h3|font_size:28pt|text_align:left|line_height:1.25&#8243; use_theme_fonts=&#8220;yes&#8220; css_animation=&#8220;uk-animation-slide-right-medium&#8220; margin=&#8220;default&#8220; dahz_id=&#8220;1537282364619-5913ca5d-759f&#8220;][vc_column_text] Weiterf\u00fchrende Informationen erhalten Sie unter folgenden Websites. Recht: BGBI \/ das \u00f6sterreichische Bundesgesetzblatt Gesetzestexte (RIS) \/<\/p>\n","protected":false},"author":1,"featured_media":0,"parent":0,"menu_order":0,"comment_status":"closed","ping_status":"closed","template":"","meta":[],"_links":{"self":[{"href":"https:\/\/fmatsch.ist\/tech\/generatoren\/wp-json\/wp\/v2\/pages\/1089"}],"collection":[{"href":"https:\/\/fmatsch.ist\/tech\/generatoren\/wp-json\/wp\/v2\/pages"}],"about":[{"href":"https:\/\/fmatsch.ist\/tech\/generatoren\/wp-json\/wp\/v2\/types\/page"}],"author":[{"embeddable":true,"href":"https:\/\/fmatsch.ist\/tech\/generatoren\/wp-json\/wp\/v2\/users\/1"}],"replies":[{"embeddable":true,"href":"https:\/\/fmatsch.ist\/tech\/generatoren\/wp-json\/wp\/v2\/comments?post=1089"}],"version-history":[{"count":12,"href":"https:\/\/fmatsch.ist\/tech\/generatoren\/wp-json\/wp\/v2\/pages\/1089\/revisions"}],"predecessor-version":[{"id":1368,"href":"https:\/\/fmatsch.ist\/tech\/generatoren\/wp-json\/wp\/v2\/pages\/1089\/revisions\/1368"}],"wp:attachment":[{"href":"https:\/\/fmatsch.ist\/tech\/generatoren\/wp-json\/wp\/v2\/media?parent=1089"}],"curies":[{"name":"wp","href":"https:\/\/api.w.org\/{rel}","templated":true}]}}