{"id":608,"date":"2018-09-18T12:36:09","date_gmt":"2018-09-18T12:36:09","guid":{"rendered":"http:\/\/morent.michaelkurzweil.com\/?page_id=608"},"modified":"2018-12-04T17:26:40","modified_gmt":"2018-12-04T17:26:40","slug":"die-kanzlei","status":"publish","type":"page","link":"https:\/\/fmatsch.ist\/tech\/generatoren\/die-kanzlei\/","title":{"rendered":"Die Kanzlei"},"content":{"rendered":"<p>[vc_section section_custom_media_type=&#8220;image&#8220; section_background_image_size=&#8220;uk-background-cover&#8220; section_background_image_repeat=&#8220;uk-background-norepeat&#8220; section_background_image_position=&#8220;uk-background-bottom-center&#8220; section_background_image_effect=&#8220;parallax&#8220; section_background_image_visibility=&#8220;@m&#8220; section_bottom_shape_divider=&#8220;triangle_opacity_2&#8243; section_background_image=&#8220;1326&#8243; section_bottom_shape_divider_color=&#8220;#ffffff&#8220; section_bottom_shape_divider_height=&#8220;380&#8243; dahz_id=&#8220;&#8220; section_background_image_parallax=&#8220;%7B%22parallax-options-x-start-range%22%3A%220%22%2C%22parallax-options-x-end-range%22%3A%220%22%2C%22parallax-options-y-start-range%22%3A%22400%22%2C%22parallax-options-y-end-range%22%3A%22150%22%2C%22parallax-options-show-advance-settings%22%3A%22false%22%2C%22parallax-options-scale-start-range%22%3A%221%22%2C%22parallax-options-scale-end-range%22%3A%221%22%2C%22parallax-options-rotate-start-range%22%3A%220%22%2C%22parallax-options-rotate-end-range%22%3A%220%22%2C%22parallax-options-opacity-start-range%22%3A%221%22%2C%22parallax-options-opacity-end-range%22%3A%221%22%2C%22parallax-options-easing-range%22%3A%220%22%2C%22parallax-options-viewport-range%22%3A%220%22%2C%22parallax-options-enable-repeat%22%3A%22false%22%2C%22parallax-options-enable-z-index%22%3A%22false%22%2C%22parallax-options-breakpoint%22%3A%22%22%7D&#8220;][vc_row row_enable_full_height=&#8220;true&#8220; row_column_content_position=&#8220;uk-flex-top&#8220; row_custom_media_type=&#8220;none&#8220; row_bottom_shape_divider=&#8220;&#8220; dahz_id=&#8220;1537282364413-d263bf37-4d34&#8243;][vc_column column_padding=&#8220;small&#8220; width=&#8220;7\/12&#8243; offset=&#8220;vc_hidden-sm&#8220;][\/vc_column][vc_column width=&#8220;5\/12&#8243;][vc_row_inner dahz_id=&#8220;1537543632181-461a237e-c63d&#8220;][vc_column_inner offset=&#8220;vc_hidden-sm&#8220; css=&#8220;.vc_custom_1537458216148{padding-top: 5.0vh !important;}&#8220;][\/vc_column_inner][\/vc_row_inner][vc_row_inner dahz_id=&#8220;1537458033328-1f2fdc32-c66a&#8220; row_color_overlay=&#8220;rgba(255,255,255,0.5)&#8220;][vc_column_inner column_padding=&#8220;large&#8220;][vc_column_text remove_top_margin=&#8220;true&#8220; visibility=&#8220;de-hidden@m de-hidden@l&#8220;]<img loading=\"lazy\" class=\"alignnone wp-image-1326 size-full\" src=\"https:\/\/fmatsch.ist\/tech\/generatoren\/wp-content\/uploads\/2018\/12\/die-kanzlei.jpeg\" alt=\"\" width=\"1920\" height=\"1440\" srcset=\"https:\/\/fmatsch.ist\/tech\/generatoren\/wp-content\/uploads\/2018\/12\/die-kanzlei.jpeg 1920w, https:\/\/fmatsch.ist\/tech\/generatoren\/wp-content\/uploads\/2018\/12\/die-kanzlei-300x225.jpeg 300w, https:\/\/fmatsch.ist\/tech\/generatoren\/wp-content\/uploads\/2018\/12\/die-kanzlei-768x576.jpeg 768w, https:\/\/fmatsch.ist\/tech\/generatoren\/wp-content\/uploads\/2018\/12\/die-kanzlei-1024x768.jpeg 1024w\" sizes=\"(max-width: 1920px) 100vw, 1920px\" \/>[\/vc_column_text]<div data-uk-scrollspy=\"cls: uk-animation-slide-left-medium;\" data-dahz-shortcode-key=\"1537282364585-73b21db4-5aec\" style=\"\" class=\"de-shortcode__wrapper de-shortcode__wrapper--dahz_single_image uk-margin de-hidden@s\">\r\n\t<a class=\"de-single-image__wrapper uk-flex uk-flex-left\">\r\n\t<div>\r\n\t\t<img width=\"50\" height=\"70\" src=\"https:\/\/fmatsch.ist\/tech\/generatoren\/wp-content\/uploads\/2018\/09\/vert-border2.png\" class=\"   attachment-full\" alt=\"\" loading=\"lazy\" \/>\t<\/div>\r\n<\/a>\r\n<\/div>\r\n[vc_custom_heading text=&#8220;\u00dcber uns&#8220; font_container=&#8220;tag:h3|font_size:28pt|text_align:left|line_height:1.25&#8243; use_theme_fonts=&#8220;yes&#8220; css_animation=&#8220;uk-animation-slide-right-medium&#8220; margin=&#8220;default&#8220; dahz_id=&#8220;1537282364619-5913ca5d-759f&#8220;][vc_column_text]Die Rechtsanwaltskanzlei Morent ber\u00e4t und vertritt Unternehmen sowie Privatpersonen in ausgew\u00e4hlten Bereichen des Zivil-, Wirtschafts- und Strafrechts. N\u00e4here Informationen zu unserem Leistungsspektrum erhalten<br \/>\nSie <a class=\"addressURL\" href=\"https:\/\/fmatsch.ist\/tech\/generatoren\/leistungen\/\">hier<\/a>.<\/p>\n<p>Die Kanzlei besteht seit 3 Generationen. In die juristische Arbeit flie\u00dfen somit jahrzehntelange Berufserfahrung und das Know-How einer Vielzahl erfolgreich umgesetzter F\u00e4lle ein.<\/p>\n<p>Zu den Leitwerten unserer T\u00e4tigkeit z\u00e4hlen Zuverl\u00e4ssigkeit, Loyalit\u00e4t und Effizienz. Gro\u00dfen Wert legen wir zudem auf eine pers\u00f6nliche Betreuung<br \/>\nunserer Mandanten \u2013 wir sehen darin die Basis f\u00fcr eine vertrauensvolle und erfolgreiche Zusammenarbeit.<\/p>\n<p>Enge Kooperationen mit Partner-Kanzleien, Steuerberatern und Spezialisten anderer Fachgebiete erm\u00f6glichen die B\u00fcndelung von Wissen, um auch komplexe Problemstellungen kompetent zu l\u00f6sen.[\/vc_column_text][\/vc_column_inner][\/vc_row_inner][\/vc_column][\/vc_row][\/vc_section]<\/p>\n","protected":false},"excerpt":{"rendered":"<p>[vc_section section_custom_media_type=&#8220;image&#8220; section_background_image_size=&#8220;uk-background-cover&#8220; section_background_image_repeat=&#8220;uk-background-norepeat&#8220; section_background_image_position=&#8220;uk-background-bottom-center&#8220; section_background_image_effect=&#8220;parallax&#8220; section_background_image_visibility=&#8220;@m&#8220; section_bottom_shape_divider=&#8220;triangle_opacity_2&#8243; section_background_image=&#8220;1326&#8243; section_bottom_shape_divider_color=&#8220;#ffffff&#8220; section_bottom_shape_divider_height=&#8220;380&#8243; dahz_id=&#8220;&#8220; section_background_image_parallax=&#8220;%7B%22parallax-options-x-start-range%22%3A%220%22%2C%22parallax-options-x-end-range%22%3A%220%22%2C%22parallax-options-y-start-range%22%3A%22400%22%2C%22parallax-options-y-end-range%22%3A%22150%22%2C%22parallax-options-show-advance-settings%22%3A%22false%22%2C%22parallax-options-scale-start-range%22%3A%221%22%2C%22parallax-options-scale-end-range%22%3A%221%22%2C%22parallax-options-rotate-start-range%22%3A%220%22%2C%22parallax-options-rotate-end-range%22%3A%220%22%2C%22parallax-options-opacity-start-range%22%3A%221%22%2C%22parallax-options-opacity-end-range%22%3A%221%22%2C%22parallax-options-easing-range%22%3A%220%22%2C%22parallax-options-viewport-range%22%3A%220%22%2C%22parallax-options-enable-repeat%22%3A%22false%22%2C%22parallax-options-enable-z-index%22%3A%22false%22%2C%22parallax-options-breakpoint%22%3A%22%22%7D&#8220;][vc_row row_enable_full_height=&#8220;true&#8220; row_column_content_position=&#8220;uk-flex-top&#8220; row_custom_media_type=&#8220;none&#8220; row_bottom_shape_divider=&#8220;&#8220; dahz_id=&#8220;1537282364413-d263bf37-4d34&#8243;][vc_column column_padding=&#8220;small&#8220; width=&#8220;7\/12&#8243; offset=&#8220;vc_hidden-sm&#8220;][\/vc_column][vc_column width=&#8220;5\/12&#8243;][vc_row_inner dahz_id=&#8220;1537543632181-461a237e-c63d&#8220;][vc_column_inner offset=&#8220;vc_hidden-sm&#8220; css=&#8220;.vc_custom_1537458216148{padding-top: 5.0vh !important;}&#8220;][\/vc_column_inner][\/vc_row_inner][vc_row_inner dahz_id=&#8220;1537458033328-1f2fdc32-c66a&#8220; row_color_overlay=&#8220;rgba(255,255,255,0.5)&#8220;][vc_column_inner column_padding=&#8220;large&#8220;][vc_column_text remove_top_margin=&#8220;true&#8220; visibility=&#8220;de-hidden@m de-hidden@l&#8220;][\/vc_column_text][vc_custom_heading text=&#8220;\u00dcber uns&#8220; font_container=&#8220;tag:h3|font_size:28pt|text_align:left|line_height:1.25&#8243; use_theme_fonts=&#8220;yes&#8220; css_animation=&#8220;uk-animation-slide-right-medium&#8220; margin=&#8220;default&#8220; dahz_id=&#8220;1537282364619-5913ca5d-759f&#8220;][vc_column_text]Die Rechtsanwaltskanzlei Morent ber\u00e4t und vertritt Unternehmen sowie Privatpersonen in ausgew\u00e4hlten Bereichen des Zivil-, Wirtschafts- und<\/p>\n","protected":false},"author":1,"featured_media":0,"parent":0,"menu_order":0,"comment_status":"closed","ping_status":"closed","template":"","meta":[],"_links":{"self":[{"href":"https:\/\/fmatsch.ist\/tech\/generatoren\/wp-json\/wp\/v2\/pages\/608"}],"collection":[{"href":"https:\/\/fmatsch.ist\/tech\/generatoren\/wp-json\/wp\/v2\/pages"}],"about":[{"href":"https:\/\/fmatsch.ist\/tech\/generatoren\/wp-json\/wp\/v2\/types\/page"}],"author":[{"embeddable":true,"href":"https:\/\/fmatsch.ist\/tech\/generatoren\/wp-json\/wp\/v2\/users\/1"}],"replies":[{"embeddable":true,"href":"https:\/\/fmatsch.ist\/tech\/generatoren\/wp-json\/wp\/v2\/comments?post=608"}],"version-history":[{"count":93,"href":"https:\/\/fmatsch.ist\/tech\/generatoren\/wp-json\/wp\/v2\/pages\/608\/revisions"}],"predecessor-version":[{"id":1489,"href":"https:\/\/fmatsch.ist\/tech\/generatoren\/wp-json\/wp\/v2\/pages\/608\/revisions\/1489"}],"wp:attachment":[{"href":"https:\/\/fmatsch.ist\/tech\/generatoren\/wp-json\/wp\/v2\/media?parent=608"}],"curies":[{"name":"wp","href":"https:\/\/api.w.org\/{rel}","templated":true}]}}