{"id":611,"date":"2018-09-18T12:39:52","date_gmt":"2018-09-18T12:39:52","guid":{"rendered":"http:\/\/morent.michaelkurzweil.com\/?page_id=611"},"modified":"2018-12-04T16:47:10","modified_gmt":"2018-12-04T16:47:10","slug":"leistungen","status":"publish","type":"page","link":"https:\/\/fmatsch.ist\/tech\/generatoren\/leistungen\/","title":{"rendered":"Leistungen"},"content":{"rendered":"<p>[vc_section section_custom_media_type=&#8220;image&#8220; section_background_image_size=&#8220;uk-background-cover&#8220; section_background_image_repeat=&#8220;uk-background-norepeat&#8220; section_background_image_position=&#8220;uk-background-top-center&#8220; section_background_image_effect=&#8220;parallax&#8220; section_background_image_visibility=&#8220;@m&#8220; section_bottom_shape_divider=&#8220;triangle_opacity_2&#8243; section_background_image=&#8220;1342&#8243; section_bottom_shape_divider_color=&#8220;#ffffff&#8220; section_bottom_shape_divider_height=&#8220;380&#8243; section_background_image_parallax=&#8220;%7B%22parallax-options-x-start-range%22%3A%220%22%2C%22parallax-options-x-end-range%22%3A%220%22%2C%22parallax-options-y-start-range%22%3A%22400%22%2C%22parallax-options-y-end-range%22%3A%22150%22%2C%22parallax-options-show-advance-settings%22%3A%22false%22%2C%22parallax-options-scale-start-range%22%3A%221%22%2C%22parallax-options-scale-end-range%22%3A%221%22%2C%22parallax-options-rotate-start-range%22%3A%220%22%2C%22parallax-options-rotate-end-range%22%3A%220%22%2C%22parallax-options-opacity-start-range%22%3A%221%22%2C%22parallax-options-opacity-end-range%22%3A%221%22%2C%22parallax-options-easing-range%22%3A%220%22%2C%22parallax-options-viewport-range%22%3A%220%22%2C%22parallax-options-enable-repeat%22%3A%22false%22%2C%22parallax-options-enable-z-index%22%3A%22false%22%2C%22parallax-options-breakpoint%22%3A%22%22%7D&#8220; dahz_id=&#8220;&#8220;][vc_row row_margin=&#8220;&#8220; row_remove_top_margin=&#8220;true&#8220; row_enable_full_height=&#8220;true&#8220; row_column_content_position=&#8220;uk-flex-top&#8220; row_custom_media_type=&#8220;none&#8220; row_bottom_shape_divider=&#8220;&#8220; dahz_id=&#8220;&#8220;][vc_column width=&#8220;5\/12&#8243;][vc_row_inner dahz_id=&#8220;1537538014426-60a164cf-eee2&#8243;][vc_column_inner offset=&#8220;vc_hidden-sm&#8220; css=&#8220;.vc_custom_1537457950811{padding-top: 5.0vh !important;}&#8220;][\/vc_column_inner][\/vc_row_inner][vc_row_inner dahz_id=&#8220;1537457691680-d6ca569a-1b1c&#8220; row_color_overlay=&#8220;rgba(255,255,255,0.5)&#8220;][vc_column_inner column_padding=&#8220;large&#8220;]<div data-uk-scrollspy=\"cls: uk-animation-slide-left-medium;\" data-dahz-shortcode-key=\"1523854222594-687f83cc-fa03\" style=\"\" class=\"de-shortcode__wrapper de-shortcode__wrapper--dahz_single_image uk-margin de-hidden@s\">\r\n\t<a class=\"de-single-image__wrapper uk-flex uk-flex-left\">\r\n\t<div>\r\n\t\t<img width=\"50\" height=\"70\" src=\"https:\/\/fmatsch.ist\/tech\/generatoren\/wp-content\/uploads\/2018\/09\/vert-border2.png\" class=\"   attachment-full\" alt=\"\" loading=\"lazy\" \/>\t<\/div>\r\n<\/a>\r\n<\/div>\r\n[vc_custom_heading text=&#8220;Leistungen&#8220; font_container=&#8220;tag:h3|font_size:28pt|text_align:left|line_height:1.25&#8243; use_theme_fonts=&#8220;yes&#8220; css_animation=&#8220;uk-animation-slide-right-medium&#8220; margin=&#8220;default&#8220; dahz_id=&#8220;&#8220;][vc_column_text]<\/p>\n<ul>\n<li>Vertragsrecht \/ Vertragsgestaltung<\/li>\n<li>Liegenschaftsrecht \/ Mietrecht<\/li>\n<li>Inkassorecht<\/li>\n<li>Ehe- und Familienrecht<\/li>\n<li>Strafrecht<\/li>\n<li>Verwaltungsrecht \/ \u00f6ffentliches Recht<\/li>\n<li>Immaterialg\u00fcterrecht (Markenrecht, Urheberrecht)<\/li>\n<li>Erbrecht<\/li>\n<li>Unternehmensrecht \/ Gesellschaftsrecht<\/li>\n<\/ul>\n<p>Um Ihnen einen \u00dcberblick unserer Themenschwerpunkte zu erm\u00f6glichen, sind in obenstehender \u00dcbersicht jene Rechtsgebiete angef\u00fchrt, in denen wir Ihnen zur Seite stehen k\u00f6nnen.<br \/>\nDurch Anklicken der einzelnen Themen erhalten Sie weitere Informationen.[\/vc_column_text][\/vc_column_inner][\/vc_row_inner][\/vc_column][vc_column width=&#8220;7\/12&#8243;][vc_row_inner dahz_id=&#8220;1537457696342-04a54bac-8fb6&#8243;][vc_column_inner offset=&#8220;vc_hidden-sm&#8220; css=&#8220;.vc_custom_1537457950811{padding-top: 5.0vh !important;}&#8220;][\/vc_column_inner][\/vc_row_inner][vc_row_inner row_margin=&#8220;uk-margin&#8220; row_remove_top_margin=&#8220;true&#8220; row_remove_bottom_margin=&#8220;true&#8220; dahz_id=&#8220;1537539096546-a3a5569f-a0bb&#8220; row_color_overlay=&#8220;rgba(255,255,255,0.5)&#8220; css=&#8220;.vc_custom_1537541438785{padding-top: 40px !important;padding-right: 40px !important;padding-left: 40px !important;}&#8220;][vc_column_inner width=&#8220;1\/3&#8243;]<div data-dahz-shortcode-key=\"1537539176728-b50ba272-38bd\" style=\"\" class=\"de-shortcode__wrapper de-shortcode__wrapper--dahz_single_image uk-margin-\">\r\n\t<a href=\"https:\/\/fmatsch.ist\/tech\/generatoren\/leistungen-vertragsrecht-vertragsgestaltung\/\" target=\"_self\" class=\"de-single-image__wrapper uk-flex uk-flex-left\">\r\n\t<div>\r\n\t\t<img class=\"uk-border-rounded uk-border-rounded  \" src=\"https:\/\/fmatsch.ist\/tech\/generatoren\/wp-content\/uploads\/2018\/12\/leistungen-2-600x500.jpg\" width=\"600\" height=\"500\" alt=\"leistungen\" title=\"leistungen\" \/>\t<\/div>\r\n<\/a>\r\n<\/div>\r\n[vc_column_text]Vertragsrecht \/ Vertragsgestaltung[\/vc_column_text][\/vc_column_inner][vc_column_inner width=&#8220;1\/3&#8243;]<div data-dahz-shortcode-key=\"1537540898065-ebe88263-569e\" style=\"\" class=\"de-shortcode__wrapper de-shortcode__wrapper--dahz_single_image uk-margin-\">\r\n\t<a href=\"https:\/\/fmatsch.ist\/tech\/generatoren\/leistungen-liegenschaftsrecht-mietrecht\/\" target=\"_self\" class=\"de-single-image__wrapper uk-flex uk-flex-left\">\r\n\t<div>\r\n\t\t<img class=\"uk-border-rounded uk-border-rounded  \" src=\"https:\/\/fmatsch.ist\/tech\/generatoren\/wp-content\/uploads\/2018\/09\/dreamstimeweb_966833-600x500.jpg\" width=\"600\" height=\"500\" alt=\"dreamstimeweb_966833\" title=\"dreamstimeweb_966833\" \/>\t<\/div>\r\n<\/a>\r\n<\/div>\r\n[vc_column_text]Liegenschaftsrecht \/ Mietrecht[\/vc_column_text][\/vc_column_inner][vc_column_inner width=&#8220;1\/3&#8243;]<div data-dahz-shortcode-key=\"1537540954829-986050e7-2f90\" style=\"\" class=\"de-shortcode__wrapper de-shortcode__wrapper--dahz_single_image uk-margin-\">\r\n\t<a href=\"https:\/\/fmatsch.ist\/tech\/generatoren\/leistungen-inkassorecht\/\" target=\"_self\" class=\"de-single-image__wrapper uk-flex uk-flex-left\">\r\n\t<div>\r\n\t\t<img class=\"uk-border-rounded uk-border-rounded  \" src=\"https:\/\/fmatsch.ist\/tech\/generatoren\/wp-content\/uploads\/2018\/09\/dreamstimeweb_124324-600x500.jpg\" width=\"600\" height=\"500\" alt=\"dreamstimeweb_124324\" title=\"dreamstimeweb_124324\" \/>\t<\/div>\r\n<\/a>\r\n<\/div>\r\n[vc_column_text]Inkassorecht \/ Schulden\u00adregulierungs\u00adverfahren[\/vc_column_text][\/vc_column_inner][\/vc_row_inner][vc_row_inner row_margin=&#8220;uk-margin&#8220; row_remove_top_margin=&#8220;true&#8220; row_remove_bottom_margin=&#8220;true&#8220; dahz_id=&#8220;1537540078572-febcaa38-ef34&#8243; row_color_overlay=&#8220;rgba(255,255,255,0.5)&#8220; css=&#8220;.vc_custom_1537541433720{padding-top: 20px !important;padding-right: 40px !important;padding-left: 40px !important;}&#8220;][vc_column_inner width=&#8220;1\/3&#8243;]<div data-dahz-shortcode-key=\"1543503182666-86fcd8d0-c404\" style=\"\" class=\"de-shortcode__wrapper de-shortcode__wrapper--dahz_single_image uk-margin-\">\r\n\t<a href=\"https:\/\/fmatsch.ist\/tech\/generatoren\/leistungen-ehe-und-familienrecht\/\" target=\"_self\" class=\"de-single-image__wrapper uk-flex uk-flex-left\">\r\n\t<div>\r\n\t\t<img class=\"uk-border-rounded uk-border-rounded  \" src=\"https:\/\/fmatsch.ist\/tech\/generatoren\/wp-content\/uploads\/2018\/12\/ehe-und-familienrecht-e1543842421682-600x500.jpg\" width=\"600\" height=\"500\" alt=\"ehe-und-familienrecht\" title=\"ehe-und-familienrecht\" \/>\t<\/div>\r\n<\/a>\r\n<\/div>\r\n[vc_column_text]Ehe- und Familienrecht[\/vc_column_text][\/vc_column_inner][vc_column_inner width=&#8220;1\/3&#8243;]<div data-dahz-shortcode-key=\"1537541321362-5cc5ecf6-e053\" style=\"\" class=\"de-shortcode__wrapper de-shortcode__wrapper--dahz_single_image uk-margin-\">\r\n\t<a href=\"https:\/\/fmatsch.ist\/tech\/generatoren\/leistungen-strafrecht\/\" target=\"_self\" class=\"de-single-image__wrapper uk-flex uk-flex-left\">\r\n\t<div>\r\n\t\t<img class=\"uk-border-rounded uk-border-rounded  \" src=\"https:\/\/fmatsch.ist\/tech\/generatoren\/wp-content\/uploads\/2018\/12\/strafrecht_button-600x500.jpg\" width=\"600\" height=\"500\" alt=\"strafrecht_button\" title=\"strafrecht_button\" \/>\t<\/div>\r\n<\/a>\r\n<\/div>\r\n[vc_column_text]Strafrecht[\/vc_column_text][\/vc_column_inner][vc_column_inner width=&#8220;1\/3&#8243;]<div data-dahz-shortcode-key=\"1537541224807-588d1adc-c3c0\" style=\"\" class=\"de-shortcode__wrapper de-shortcode__wrapper--dahz_single_image uk-margin-\">\r\n\t<a href=\"https:\/\/fmatsch.ist\/tech\/generatoren\/leistungen-verwaltungsrecht-offentliches-recht\/\" target=\"_self\" class=\"de-single-image__wrapper uk-flex uk-flex-left\">\r\n\t<div>\r\n\t\t<img class=\"uk-border-rounded uk-border-rounded  \" src=\"https:\/\/fmatsch.ist\/tech\/generatoren\/wp-content\/uploads\/2018\/09\/dreamstimeweb_219327-600x500.jpg\" width=\"600\" height=\"500\" alt=\"dreamstimeweb_219327\" title=\"dreamstimeweb_219327\" \/>\t<\/div>\r\n<\/a>\r\n<\/div>\r\n[vc_column_text]Verwaltungsrecht \/ \u00f6ffentliches Recht[\/vc_column_text][\/vc_column_inner][\/vc_row_inner][vc_row_inner row_margin=&#8220;uk-margin&#8220; row_remove_top_margin=&#8220;true&#8220; row_remove_bottom_margin=&#8220;true&#8220; dahz_id=&#8220;1537540075167-3d0f1181-b8c3&#8243; row_color_overlay=&#8220;rgba(255,255,255,0.5)&#8220; css=&#8220;.vc_custom_1537541038220{padding-top: 20px !important;padding-right: 40px !important;padding-left: 40px !important;}&#8220;][vc_column_inner width=&#8220;1\/3&#8243;]<div data-dahz-shortcode-key=\"1540907810934-34682925-9327\" style=\"\" class=\"de-shortcode__wrapper de-shortcode__wrapper--dahz_single_image uk-margin-\">\r\n\t<a href=\"https:\/\/fmatsch.ist\/tech\/generatoren\/leistungen-immaterialguterrecht-markenrecht-urheberrecht\/\" target=\"_self\" class=\"de-single-image__wrapper uk-flex uk-flex-left\">\r\n\t<div>\r\n\t\t<img class=\"uk-border-rounded uk-border-rounded  \" src=\"https:\/\/fmatsch.ist\/tech\/generatoren\/wp-content\/uploads\/2018\/12\/immaterialguterrecht-600x500.jpg\" width=\"600\" height=\"500\" alt=\"immaterialguterrecht\" title=\"immaterialguterrecht\" \/>\t<\/div>\r\n<\/a>\r\n<\/div>\r\n[vc_column_text]Immaterialg\u00fcterrecht<br \/>\n(Markenrecht, Urheberrecht)[\/vc_column_text][\/vc_column_inner][vc_column_inner width=&#8220;1\/3&#8243;]<div data-dahz-shortcode-key=\"1537541195828-53eb371f-5caf\" style=\"\" class=\"de-shortcode__wrapper de-shortcode__wrapper--dahz_single_image uk-margin-\">\r\n\t<a href=\"https:\/\/fmatsch.ist\/tech\/generatoren\/leistungen-erbrecht\/\" target=\"_self\" class=\"de-single-image__wrapper uk-flex uk-flex-left\">\r\n\t<div>\r\n\t\t<img class=\"uk-border-rounded uk-border-rounded  \" src=\"https:\/\/fmatsch.ist\/tech\/generatoren\/wp-content\/uploads\/2018\/12\/erbrecht-600x500.jpg\" width=\"600\" height=\"500\" alt=\"erbrecht\" title=\"erbrecht\" \/>\t<\/div>\r\n<\/a>\r\n<\/div>\r\n[vc_column_text]Erbrecht[\/vc_column_text][\/vc_column_inner][vc_column_inner width=&#8220;1\/3&#8243;]<div data-dahz-shortcode-key=\"1537541163710-e3dee55e-3140\" style=\"\" class=\"de-shortcode__wrapper de-shortcode__wrapper--dahz_single_image uk-margin-\">\r\n\t<a href=\"https:\/\/fmatsch.ist\/tech\/generatoren\/leistungen-unternehmensrecht-gesellschaftsrecht\/\" target=\"_self\" class=\"de-single-image__wrapper uk-flex uk-flex-left\">\r\n\t<div>\r\n\t\t<img class=\"uk-border-rounded uk-border-rounded  \" src=\"https:\/\/fmatsch.ist\/tech\/generatoren\/wp-content\/uploads\/2018\/12\/unternehmensrecht-600x500.jpg\" width=\"600\" height=\"500\" alt=\"unternehmensrecht\" title=\"unternehmensrecht\" \/>\t<\/div>\r\n<\/a>\r\n<\/div>\r\n[vc_column_text]Unternehmensrecht \/ Gesellschaftsrecht[\/vc_column_text][\/vc_column_inner][\/vc_row_inner][\/vc_column][\/vc_row][\/vc_section]<\/p>\n","protected":false},"excerpt":{"rendered":"<p>[vc_section section_custom_media_type=&#8220;image&#8220; section_background_image_size=&#8220;uk-background-cover&#8220; section_background_image_repeat=&#8220;uk-background-norepeat&#8220; section_background_image_position=&#8220;uk-background-top-center&#8220; section_background_image_effect=&#8220;parallax&#8220; section_background_image_visibility=&#8220;@m&#8220; section_bottom_shape_divider=&#8220;triangle_opacity_2&#8243; section_background_image=&#8220;1342&#8243; section_bottom_shape_divider_color=&#8220;#ffffff&#8220; section_bottom_shape_divider_height=&#8220;380&#8243; section_background_image_parallax=&#8220;%7B%22parallax-options-x-start-range%22%3A%220%22%2C%22parallax-options-x-end-range%22%3A%220%22%2C%22parallax-options-y-start-range%22%3A%22400%22%2C%22parallax-options-y-end-range%22%3A%22150%22%2C%22parallax-options-show-advance-settings%22%3A%22false%22%2C%22parallax-options-scale-start-range%22%3A%221%22%2C%22parallax-options-scale-end-range%22%3A%221%22%2C%22parallax-options-rotate-start-range%22%3A%220%22%2C%22parallax-options-rotate-end-range%22%3A%220%22%2C%22parallax-options-opacity-start-range%22%3A%221%22%2C%22parallax-options-opacity-end-range%22%3A%221%22%2C%22parallax-options-easing-range%22%3A%220%22%2C%22parallax-options-viewport-range%22%3A%220%22%2C%22parallax-options-enable-repeat%22%3A%22false%22%2C%22parallax-options-enable-z-index%22%3A%22false%22%2C%22parallax-options-breakpoint%22%3A%22%22%7D&#8220; dahz_id=&#8220;&#8220;][vc_row row_margin=&#8220;&#8220; row_remove_top_margin=&#8220;true&#8220; row_enable_full_height=&#8220;true&#8220; row_column_content_position=&#8220;uk-flex-top&#8220; row_custom_media_type=&#8220;none&#8220; row_bottom_shape_divider=&#8220;&#8220; dahz_id=&#8220;&#8220;][vc_column width=&#8220;5\/12&#8243;][vc_row_inner dahz_id=&#8220;1537538014426-60a164cf-eee2&#8243;][vc_column_inner offset=&#8220;vc_hidden-sm&#8220; css=&#8220;.vc_custom_1537457950811{padding-top: 5.0vh !important;}&#8220;][\/vc_column_inner][\/vc_row_inner][vc_row_inner dahz_id=&#8220;1537457691680-d6ca569a-1b1c&#8220; row_color_overlay=&#8220;rgba(255,255,255,0.5)&#8220;][vc_column_inner column_padding=&#8220;large&#8220;][vc_custom_heading text=&#8220;Leistungen&#8220; font_container=&#8220;tag:h3|font_size:28pt|text_align:left|line_height:1.25&#8243; use_theme_fonts=&#8220;yes&#8220; css_animation=&#8220;uk-animation-slide-right-medium&#8220; margin=&#8220;default&#8220; dahz_id=&#8220;&#8220;][vc_column_text] Vertragsrecht \/ Vertragsgestaltung Liegenschaftsrecht \/ Mietrecht Inkassorecht Ehe- und Familienrecht Strafrecht Verwaltungsrecht \/ \u00f6ffentliches Recht Immaterialg\u00fcterrecht (Markenrecht, Urheberrecht) Erbrecht Unternehmensrecht<\/p>\n","protected":false},"author":1,"featured_media":0,"parent":0,"menu_order":0,"comment_status":"closed","ping_status":"closed","template":"","meta":[],"_links":{"self":[{"href":"https:\/\/fmatsch.ist\/tech\/generatoren\/wp-json\/wp\/v2\/pages\/611"}],"collection":[{"href":"https:\/\/fmatsch.ist\/tech\/generatoren\/wp-json\/wp\/v2\/pages"}],"about":[{"href":"https:\/\/fmatsch.ist\/tech\/generatoren\/wp-json\/wp\/v2\/types\/page"}],"author":[{"embeddable":true,"href":"https:\/\/fmatsch.ist\/tech\/generatoren\/wp-json\/wp\/v2\/users\/1"}],"replies":[{"embeddable":true,"href":"https:\/\/fmatsch.ist\/tech\/generatoren\/wp-json\/wp\/v2\/comments?post=611"}],"version-history":[{"count":99,"href":"https:\/\/fmatsch.ist\/tech\/generatoren\/wp-json\/wp\/v2\/pages\/611\/revisions"}],"predecessor-version":[{"id":1480,"href":"https:\/\/fmatsch.ist\/tech\/generatoren\/wp-json\/wp\/v2\/pages\/611\/revisions\/1480"}],"wp:attachment":[{"href":"https:\/\/fmatsch.ist\/tech\/generatoren\/wp-json\/wp\/v2\/media?parent=611"}],"curies":[{"name":"wp","href":"https:\/\/api.w.org\/{rel}","templated":true}]}}