{"id":656,"date":"2018-09-19T13:17:37","date_gmt":"2018-09-19T13:17:37","guid":{"rendered":"http:\/\/morent.michaelkurzweil.com\/?page_id=656"},"modified":"2018-12-06T17:55:01","modified_gmt":"2018-12-06T17:55:01","slug":"team","status":"publish","type":"page","link":"https:\/\/fmatsch.ist\/tech\/generatoren\/team\/","title":{"rendered":"Team"},"content":{"rendered":"<p>[vc_section section_custom_media_type=&#8220;none&#8220; section_bottom_shape_divider=&#8220;&#8220; dahz_id=&#8220;1537543674356-1ce14067-4b95&#8243; el_class=&#8220;background-image-cover&#8220;][vc_row row_margin=&#8220;&#8220; row_remove_top_margin=&#8220;true&#8220; row_remove_bottom_margin=&#8220;true&#8220; row_stretch=&#8220;uk-container-expand uk-padding-remove-horizontal&#8220; row_column_gap=&#8220;uk-grid-small&#8220; row_enable_full_height=&#8220;true&#8220; row_column_content_position=&#8220;uk-flex-top&#8220; row_custom_media_type=&#8220;none&#8220; row_bottom_shape_divider=&#8220;&#8220; dahz_id=&#8220;1537543674481-26e60f2f-fc1c&#8220;][vc_column column_custom_media_type=&#8220;image&#8220; column_background_image_size=&#8220;uk-background-cover&#8220; column_background_image_repeat=&#8220;uk-background-norepeat&#8220; column_background_image_position=&#8220;uk-background-top-center&#8220; column_background_image_effect=&#8220;parallax&#8220; column_background_image_visibility=&#8220;@m&#8220; width=&#8220;1\/2&#8243; column_background_image=&#8220;1497&#8243; column_background_image_parallax=&#8220;%7B%22parallax-options-x-start-range%22%3A%220%22%2C%22parallax-options-x-end-range%22%3A%220%22%2C%22parallax-options-y-start-range%22%3A%22-20%22%2C%22parallax-options-y-end-range%22%3A%220%22%2C%22parallax-options-show-advance-settings%22%3A%22false%22%2C%22parallax-options-scale-start-range%22%3A%221%22%2C%22parallax-options-scale-end-range%22%3A%221%22%2C%22parallax-options-rotate-start-range%22%3A%220%22%2C%22parallax-options-rotate-end-range%22%3A%220%22%2C%22parallax-options-opacity-start-range%22%3A%221%22%2C%22parallax-options-opacity-end-range%22%3A%221%22%2C%22parallax-options-easing-range%22%3A%220%22%2C%22parallax-options-viewport-range%22%3A%220%22%2C%22parallax-options-enable-repeat%22%3A%22false%22%2C%22parallax-options-enable-z-index%22%3A%22false%22%2C%22parallax-options-breakpoint%22%3A%22%22%7D&#8220;][vc_row_inner row_custom_media_type=&#8220;none&#8220; dahz_id=&#8220;1537543674734-081084ba-16cc&#8220;][vc_column_inner offset=&#8220;vc_hidden-sm&#8220; css=&#8220;.vc_custom_1544118877206{padding-top: 62.0vh !important;}&#8220;][\/vc_column_inner][\/vc_row_inner][vc_row_inner dahz_id=&#8220;1537543674832-c549bc77-bf0f&#8220; row_color_overlay=&#8220;rgba(216,216,216,0.7)&#8220; css=&#8220;.vc_custom_1544024490452{border-radius: 1px !important;}&#8220;][vc_column_inner column_padding=&#8220;default&#8220; css=&#8220;.vc_custom_1544118745880{padding-top: 18px !important;padding-bottom: 0px !important;}&#8220;][vc_column_text remove_top_margin=&#8220;true&#8220; visibility=&#8220;de-hidden@l de-hidden@m&#8220;]<img loading=\"lazy\" class=\"alignnone wp-image-1538 size-full\" src=\"https:\/\/fmatsch.ist\/tech\/generatoren\/wp-content\/uploads\/2018\/12\/team-morent-mobile.jpg\" alt=\"\" width=\"1614\" height=\"1264\" srcset=\"https:\/\/fmatsch.ist\/tech\/generatoren\/wp-content\/uploads\/2018\/12\/team-morent-mobile.jpg 1614w, https:\/\/fmatsch.ist\/tech\/generatoren\/wp-content\/uploads\/2018\/12\/team-morent-mobile-300x235.jpg 300w, https:\/\/fmatsch.ist\/tech\/generatoren\/wp-content\/uploads\/2018\/12\/team-morent-mobile-768x601.jpg 768w, https:\/\/fmatsch.ist\/tech\/generatoren\/wp-content\/uploads\/2018\/12\/team-morent-mobile-1024x802.jpg 1024w\" sizes=\"(max-width: 1614px) 100vw, 1614px\" \/>[\/vc_column_text][vc_custom_heading text=&#8220;Mag. Georg Morent &#8220; font_container=&#8220;tag:h3|font_size:28pt|text_align:left|line_height:1.25&#8243; use_theme_fonts=&#8220;yes&#8220; css_animation=&#8220;uk-animation-slide-right-medium&#8220; margin=&#8220;default&#8220; dahz_id=&#8220;1537543675639-fd31c82b-b83f&#8220; visibility=&#8220;de-hidden@s&#8220;][vc_column_text visibility=&#8220;de-hidden@s&#8220;]Rechtsanwalt | Partner<\/p>\n<p>T\u00e4tigkeitsbereiche und Rechtsberatung: Vertragsrecht, Vertragsgestaltung | Liegenschaftsrecht | Mietrecht | Inkasso- und Exekutionsrecht | Ehe- und Familienrecht | Versicherungsrecht | Unternehmens- und Gesellschaftsrecht | Erbrecht | Verwaltungsrecht | \u00d6ffentliches Recht | Strafrecht<\/p>\n<p><span style=\"color: #ffffff00;\">&#8211;<\/span><br \/>\n<span style=\"color: #ffffff00;\">&#8211;<\/span><br \/>\n<span style=\"color: #ffffff00;\">&#8211;<\/span><br \/>\n<span style=\"color: #ffffff00;\">&#8211;<\/span><br \/>\n<span style=\"color: #ffffff00;\">&#8211;<\/span>[\/vc_column_text][vc_custom_heading text=&#8220;Mag. Georg Morent &#8220; font_container=&#8220;tag:h3|font_size:28pt|text_align:left|line_height:1.25&#8243; use_theme_fonts=&#8220;yes&#8220; css_animation=&#8220;uk-animation-slide-right-medium&#8220; margin=&#8220;default&#8220; dahz_id=&#8220;1537543675163-da9915c6-79f1&#8243; visibility=&#8220;de-hidden@m de-hidden@l&#8220;][vc_column_text visibility=&#8220;de-hidden@m de-hidden@l&#8220;]Rechtsanwalt | Partner<\/p>\n<p>T\u00e4tigkeitsbereiche und Rechtsberatung: Vertragsrecht, Vertragsgestaltung | Liegenschaftsrecht | Mietrecht | Inkasso- und Exekutionsrecht | Ehe- und Familienrecht | Versicherungsrecht | Unternehmens- und Gesellschaftsrecht | \u00a0Erbrecht | Verwaltungsrecht | \u00d6ffentliches Recht | Strafrecht[\/vc_column_text][\/vc_column_inner][\/vc_row_inner][\/vc_column][vc_column column_custom_media_type=&#8220;image&#8220; column_background_image_size=&#8220;uk-background-cover&#8220; column_background_image_repeat=&#8220;uk-background-norepeat&#8220; column_background_image_position=&#8220;uk-background-top-center&#8220; column_background_image_effect=&#8220;parallax&#8220; column_background_image_visibility=&#8220;@m&#8220; width=&#8220;1\/2&#8243; column_background_image=&#8220;1499&#8243; column_background_image_parallax=&#8220;%7B%22parallax-options-x-start-range%22%3A%220%22%2C%22parallax-options-x-end-range%22%3A%220%22%2C%22parallax-options-y-start-range%22%3A%22-20%22%2C%22parallax-options-y-end-range%22%3A%220%22%2C%22parallax-options-show-advance-settings%22%3A%22false%22%2C%22parallax-options-scale-start-range%22%3A%221%22%2C%22parallax-options-scale-end-range%22%3A%221%22%2C%22parallax-options-rotate-start-range%22%3A%220%22%2C%22parallax-options-rotate-end-range%22%3A%220%22%2C%22parallax-options-opacity-start-range%22%3A%221%22%2C%22parallax-options-opacity-end-range%22%3A%221%22%2C%22parallax-options-easing-range%22%3A%220%22%2C%22parallax-options-viewport-range%22%3A%220%22%2C%22parallax-options-enable-repeat%22%3A%22false%22%2C%22parallax-options-enable-z-index%22%3A%22false%22%2C%22parallax-options-breakpoint%22%3A%22%22%7D&#8220;][vc_row_inner dahz_id=&#8220;1537543675320-217aafa4-79a0&#8243;][vc_column_inner offset=&#8220;vc_hidden-sm&#8220; css=&#8220;.vc_custom_1544118160877{padding-top: 62.0vh !important;}&#8220;][\/vc_column_inner][\/vc_row_inner][vc_row_inner dahz_id=&#8220;1537543675418-b75e2335-6dab&#8220; row_color_overlay=&#8220;rgba(216,216,216,0.7)&#8220;][vc_column_inner column_padding=&#8220;large&#8220; css=&#8220;.vc_custom_1544118470801{padding-top: 18px !important;padding-bottom: 0px !important;}&#8220;][vc_column_text remove_top_margin=&#8220;true&#8220; visibility=&#8220;de-hidden@m de-hidden@l&#8220;]<img loading=\"lazy\" class=\"alignnone wp-image-1537 size-full\" src=\"https:\/\/fmatsch.ist\/tech\/generatoren\/wp-content\/uploads\/2018\/12\/team-bazzanella-mobile.jpg\" alt=\"\" width=\"1614\" height=\"1264\" srcset=\"https:\/\/fmatsch.ist\/tech\/generatoren\/wp-content\/uploads\/2018\/12\/team-bazzanella-mobile.jpg 1614w, https:\/\/fmatsch.ist\/tech\/generatoren\/wp-content\/uploads\/2018\/12\/team-bazzanella-mobile-300x235.jpg 300w, https:\/\/fmatsch.ist\/tech\/generatoren\/wp-content\/uploads\/2018\/12\/team-bazzanella-mobile-768x601.jpg 768w, https:\/\/fmatsch.ist\/tech\/generatoren\/wp-content\/uploads\/2018\/12\/team-bazzanella-mobile-1024x802.jpg 1024w\" sizes=\"(max-width: 1614px) 100vw, 1614px\" \/>[\/vc_column_text][vc_custom_heading text=&#8220;David Bazzanella, LL.M., LL.B.&#8220; font_container=&#8220;tag:h3|font_size:28pt|text_align:left|line_height:1.25&#8243; use_theme_fonts=&#8220;yes&#8220; css_animation=&#8220;uk-animation-slide-right-medium&#8220; margin=&#8220;default&#8220; dahz_id=&#8220;1537543675053-ff027967-9389&#8243; visibility=&#8220;de-hidden@s&#8220;][vc_column_text visibility=&#8220;de-hidden@s&#8220;]Spezialisierung im Immaterialg\u00fcterrecht (Marken- und Urheberrecht), Strafrecht und Verwaltungsstrafrecht<\/p>\n<p>T\u00e4tigkeitsbereiche und Rechtsberatung: Inkasso- und Exekutionsrecht | Unternehmens- und Gesellschaftsrecht | Immaterialg\u00fcterrecht | Versicherungsrecht | Verwaltungsrecht | \u00d6ffentliches Recht | Strafrecht | Verwaltungsstrafrecht | Fremdenrecht<\/p>\n<ul>\n<li>06\/2018 Rechtsanwaltspr\u00fcfung<\/li>\n<li>seit 2015 Rechtsanwaltsanw\u00e4rter bei Morent Rechtsanw\u00e4lte<\/li>\n<li>Gerichtspraxis im Sprengel des OLG Wien<\/li>\n<li>Staatsanwaltschaft Wien, BG F\u00fcnfhaus<\/li>\n<li>Studium Wirtschaftsrecht (Bachelor + Master) an der WU Wien<\/li>\n<\/ul>\n<p>[\/vc_column_text][vc_custom_heading text=&#8220;David Bazzanella, LL.M., LL.B.&#8220; font_container=&#8220;tag:h3|font_size:28pt|text_align:left|line_height:1.25&#8243; use_theme_fonts=&#8220;yes&#8220; css_animation=&#8220;uk-animation-slide-right-medium&#8220; margin=&#8220;default&#8220; dahz_id=&#8220;1537543675760-95280183-5378&#8243; visibility=&#8220;de-hidden@m de-hidden@l&#8220;][vc_column_text visibility=&#8220;de-hidden@m de-hidden@l&#8220;]Spezialisierung im Immaterialg\u00fcterrecht (Marken- und Urheberrecht), Strafrecht und Verwaltungsstrafrecht<\/p>\n<p>T\u00e4tigkeitsbereiche und Rechtsberatung: Inkasso- und Exekutionsrecht | Unternehmens- und Gesellschaftsrecht | Immaterialg\u00fcterrecht | Versicherungsrecht | Verwaltungsrecht | \u00d6ffentliches Recht | Strafrecht | Verwaltungsstrafrecht | Fremdenrecht<\/p>\n<ul>\n<li>06\/2018 Rechtsanwaltspr\u00fcfung<\/li>\n<li>seit 2015 Rechtsanwaltsanw\u00e4rter bei Morent Rechtsanw\u00e4lte<\/li>\n<li>Gerichtspraxis im Sprengel des OLG Wien<\/li>\n<li>Staatsanwaltschaft Wien, BG F\u00fcnfhaus<\/li>\n<li>Studium Wirtschaftsrecht (Bachelor + Master) an der WU Wien<\/li>\n<\/ul>\n<p>[\/vc_column_text][\/vc_column_inner][\/vc_row_inner][\/vc_column][\/vc_row][\/vc_section]<\/p>\n","protected":false},"excerpt":{"rendered":"<p>[vc_section section_custom_media_type=&#8220;none&#8220; section_bottom_shape_divider=&#8220;&#8220; dahz_id=&#8220;1537543674356-1ce14067-4b95&#8243; el_class=&#8220;background-image-cover&#8220;][vc_row row_margin=&#8220;&#8220; row_remove_top_margin=&#8220;true&#8220; row_remove_bottom_margin=&#8220;true&#8220; row_stretch=&#8220;uk-container-expand uk-padding-remove-horizontal&#8220; row_column_gap=&#8220;uk-grid-small&#8220; row_enable_full_height=&#8220;true&#8220; row_column_content_position=&#8220;uk-flex-top&#8220; row_custom_media_type=&#8220;none&#8220; row_bottom_shape_divider=&#8220;&#8220; dahz_id=&#8220;1537543674481-26e60f2f-fc1c&#8220;][vc_column column_custom_media_type=&#8220;image&#8220; column_background_image_size=&#8220;uk-background-cover&#8220; column_background_image_repeat=&#8220;uk-background-norepeat&#8220; column_background_image_position=&#8220;uk-background-top-center&#8220; column_background_image_effect=&#8220;parallax&#8220; column_background_image_visibility=&#8220;@m&#8220; width=&#8220;1\/2&#8243; column_background_image=&#8220;1497&#8243; column_background_image_parallax=&#8220;%7B%22parallax-options-x-start-range%22%3A%220%22%2C%22parallax-options-x-end-range%22%3A%220%22%2C%22parallax-options-y-start-range%22%3A%22-20%22%2C%22parallax-options-y-end-range%22%3A%220%22%2C%22parallax-options-show-advance-settings%22%3A%22false%22%2C%22parallax-options-scale-start-range%22%3A%221%22%2C%22parallax-options-scale-end-range%22%3A%221%22%2C%22parallax-options-rotate-start-range%22%3A%220%22%2C%22parallax-options-rotate-end-range%22%3A%220%22%2C%22parallax-options-opacity-start-range%22%3A%221%22%2C%22parallax-options-opacity-end-range%22%3A%221%22%2C%22parallax-options-easing-range%22%3A%220%22%2C%22parallax-options-viewport-range%22%3A%220%22%2C%22parallax-options-enable-repeat%22%3A%22false%22%2C%22parallax-options-enable-z-index%22%3A%22false%22%2C%22parallax-options-breakpoint%22%3A%22%22%7D&#8220;][vc_row_inner row_custom_media_type=&#8220;none&#8220; dahz_id=&#8220;1537543674734-081084ba-16cc&#8220;][vc_column_inner offset=&#8220;vc_hidden-sm&#8220; css=&#8220;.vc_custom_1544118877206{padding-top: 62.0vh !important;}&#8220;][\/vc_column_inner][\/vc_row_inner][vc_row_inner dahz_id=&#8220;1537543674832-c549bc77-bf0f&#8220; row_color_overlay=&#8220;rgba(216,216,216,0.7)&#8220; css=&#8220;.vc_custom_1544024490452{border-radius: 1px !important;}&#8220;][vc_column_inner column_padding=&#8220;default&#8220; css=&#8220;.vc_custom_1544118745880{padding-top: 18px !important;padding-bottom: 0px !important;}&#8220;][vc_column_text remove_top_margin=&#8220;true&#8220; visibility=&#8220;de-hidden@l de-hidden@m&#8220;][\/vc_column_text][vc_custom_heading text=&#8220;Mag. Georg Morent &#8220; font_container=&#8220;tag:h3|font_size:28pt|text_align:left|line_height:1.25&#8243; use_theme_fonts=&#8220;yes&#8220; css_animation=&#8220;uk-animation-slide-right-medium&#8220; margin=&#8220;default&#8220; dahz_id=&#8220;1537543675639-fd31c82b-b83f&#8220; visibility=&#8220;de-hidden@s&#8220;][vc_column_text<\/p>\n","protected":false},"author":1,"featured_media":0,"parent":0,"menu_order":0,"comment_status":"closed","ping_status":"closed","template":"","meta":[],"_links":{"self":[{"href":"https:\/\/fmatsch.ist\/tech\/generatoren\/wp-json\/wp\/v2\/pages\/656"}],"collection":[{"href":"https:\/\/fmatsch.ist\/tech\/generatoren\/wp-json\/wp\/v2\/pages"}],"about":[{"href":"https:\/\/fmatsch.ist\/tech\/generatoren\/wp-json\/wp\/v2\/types\/page"}],"author":[{"embeddable":true,"href":"https:\/\/fmatsch.ist\/tech\/generatoren\/wp-json\/wp\/v2\/users\/1"}],"replies":[{"embeddable":true,"href":"https:\/\/fmatsch.ist\/tech\/generatoren\/wp-json\/wp\/v2\/comments?post=656"}],"version-history":[{"count":235,"href":"https:\/\/fmatsch.ist\/tech\/generatoren\/wp-json\/wp\/v2\/pages\/656\/revisions"}],"predecessor-version":[{"id":1571,"href":"https:\/\/fmatsch.ist\/tech\/generatoren\/wp-json\/wp\/v2\/pages\/656\/revisions\/1571"}],"wp:attachment":[{"href":"https:\/\/fmatsch.ist\/tech\/generatoren\/wp-json\/wp\/v2\/media?parent=656"}],"curies":[{"name":"wp","href":"https:\/\/api.w.org\/{rel}","templated":true}]}}